{"id":2,"date":"2017-10-25T07:37:21","date_gmt":"2017-10-25T07:37:21","guid":{"rendered":"https:\/\/sovellusguru.fi\/?page_id=2"},"modified":"2017-10-29T09:22:20","modified_gmt":"2017-10-29T06:22:20","slug":"sample-page","status":"publish","type":"page","link":"https:\/\/sovellusguru.fi\/","title":{"rendered":"Etusivu"},"content":{"rendered":"<p>[et_pb_section bb_built=&#8221;1&#8243;][et_pb_row][et_pb_column type=&#8221;4_4&#8243;] <div  class=\"et_pb_module  et_pb_vertical_timeline_0\">\n\t\t\t\t\t<section id=\"cd-timeline\" class=\"cd-container\">     <div class=\"cd-timeline-block  et_pb_vertical_timeline_item_0\">\n\t\t\t\t\t\t    <div class=\"cd-timeline-img\" style=\"\"><span class=\"et-pb-icon et-pb-icon-circle\" style=\"\"><\/span><\/div>\n\t\t\t    \n\t\t\t\t\t\t    <div class=\"cd-timeline-content\">\n\t\t\t\t\t\t\t<span class=\"cd-date\">1. Tutustu ja tilaa<\/span>\n\t\t\t\t\t\t\t<div class=\"cd-timeline-content-liner \">\n\t\t\t\t\t\t\t\t<h2>1. Tutustu ja tilaa<\/h2>\n\t\t\t\t\t\t\t\t<p>Tutustu ensin Sovellusguruun tilaamalla testitunnuksen. Voit aloittaa sovelluksesi rakentamisen heti. Tunnus on voimassa viikon ja jos haluat jatkaa sovelluksesi parissa, maksat vuosimaksun 200 e (+ alv 24 %).<\/p>\n\n\t\t\t\t\t\t\t\t\n\t\t\t\t\t\t\t<\/div>\n\t\t\t\t\t\t    <\/div>\n\t\t\t\t\t    <\/div>    <div class=\"cd-timeline-block  et_pb_vertical_timeline_item_1\">\n\t\t\t\t\t\t    <div class=\"cd-timeline-img\" style=\"\"><span class=\"et-pb-icon et-pb-icon-circle\" style=\"\"><\/span><\/div>\n\t\t\t    \n\t\t\t\t\t\t    <div class=\"cd-timeline-content\">\n\t\t\t\t\t\t\t<span class=\"cd-date\">2. Rakenna sovellus<\/span>\n\t\t\t\t\t\t\t<div class=\"cd-timeline-content-liner \">\n\t\t\t\t\t\t\t\t<h2>2. Rakenna sovellus<\/h2>\n\t\t\t\t\t\t\t\t<p>Rakenna sovellus ohjeidemme mukaan: m\u00e4\u00e4rit\u00e4 eri n\u00e4kym\u00e4t, v\u00e4rit, tekstityypit, kuvat, sivut ja sis\u00e4ll\u00f6t jne. Testaa ja tuunaa lis\u00e4\u00e4.<\/p>\n\n\t\t\t\t\t\t\t\t\n\t\t\t\t\t\t\t<\/div>\n\t\t\t\t\t\t    <\/div>\n\t\t\t\t\t    <\/div>    <div class=\"cd-timeline-block  et_pb_vertical_timeline_item_2\">\n\t\t\t\t\t\t    <div class=\"cd-timeline-img\" style=\"\"><span class=\"et-pb-icon et-pb-icon-circle\" style=\"\"><\/span><\/div>\n\t\t\t    \n\t\t\t\t\t\t    <div class=\"cd-timeline-content\">\n\t\t\t\t\t\t\t<span class=\"cd-date\">Julkaise sovellus<\/span>\n\t\t\t\t\t\t\t<div class=\"cd-timeline-content-liner \">\n\t\t\t\t\t\t\t\t<h2>3. Julkaise<\/h2>\n\t\t\t\t\t\t\t\t<p>Julkaise joko omalla julkaisijaprofiilillasi (luo Google- ja Apple-developer-tilit) tai tilaa julkaisu meilt\u00e4 Sovellusguru-profiililla.<br \/>\nSovelluksen julkaisu on asiaan vihkiytym\u00e4tt\u00f6m\u00e4lle monimutkainen ja aikaa viev\u00e4 prosessi. Siksi tarjoamme my\u00f6s helpon tien, voit tilata julkaisun Sovellusgurulta (100 e + alv 24 %).<\/p>\n\n\t\t\t\t\t\t\t\t\n\t\t\t\t\t\t\t<\/div>\n\t\t\t\t\t\t    <\/div>\n\t\t\t\t\t    <\/div> <\/section>\n\t\t\t\t    <\/div>[\/et_pb_column][\/et_pb_row][\/et_pb_section]<\/p>\n","protected":false},"excerpt":{"rendered":"<p><div class=\"et_pb_row et_pb_row_0 et_pb_row_empty\">\n\t\t\t\t\n\t\t\t\t\n\t\t\t\t\n\t\t\t\t\n\t\t\t\t\n\t\t\t<\/div> Tutustu ensin Sovellusguruun tilaamalla testitunnuksen. Voit aloittaa sovelluksesi rakentamisen heti. Tunnus on voimassa viikon ja jos haluat jatkaa sovelluksesi parissa, maksat vuosimaksun 200 e (+ alv 24 %). Rakenna sovellus ohjeidemme mukaan: m\u00e4\u00e4rit\u00e4 eri n\u00e4kym\u00e4t, v\u00e4rit, tekstityypit, kuvat, sivut ja sis\u00e4ll\u00f6t jne. Testaa ja tuunaa lis\u00e4\u00e4. Julkaise joko omalla julkaisijaprofiilillasi (luo Google- ja Apple-developer-tilit) [&hellip;]<\/p>\n","protected":false},"author":1,"featured_media":0,"parent":0,"menu_order":0,"comment_status":"closed","ping_status":"open","template":"","meta":{"_et_pb_use_builder":"on","_et_pb_old_content":"","_et_gb_content_width":"","footnotes":""},"class_list":["post-2","page","type-page","status-publish","hentry"],"_links":{"self":[{"href":"https:\/\/sovellusguru.fi\/index.php?rest_route=\/wp\/v2\/pages\/2","targetHints":{"allow":["GET"]}}],"collection":[{"href":"https:\/\/sovellusguru.fi\/index.php?rest_route=\/wp\/v2\/pages"}],"about":[{"href":"https:\/\/sovellusguru.fi\/index.php?rest_route=\/wp\/v2\/types\/page"}],"author":[{"embeddable":true,"href":"https:\/\/sovellusguru.fi\/index.php?rest_route=\/wp\/v2\/users\/1"}],"replies":[{"embeddable":true,"href":"https:\/\/sovellusguru.fi\/index.php?rest_route=%2Fwp%2Fv2%2Fcomments&post=2"}],"version-history":[{"count":11,"href":"https:\/\/sovellusguru.fi\/index.php?rest_route=\/wp\/v2\/pages\/2\/revisions"}],"predecessor-version":[{"id":118,"href":"https:\/\/sovellusguru.fi\/index.php?rest_route=\/wp\/v2\/pages\/2\/revisions\/118"}],"wp:attachment":[{"href":"https:\/\/sovellusguru.fi\/index.php?rest_route=%2Fwp%2Fv2%2Fmedia&parent=2"}],"curies":[{"name":"wp","href":"https:\/\/api.w.org\/{rel}","templated":true}]}}